{"id":14821,"date":"2025-07-16T12:04:30","date_gmt":"2025-07-16T10:04:30","guid":{"rendered":"https:\/\/ondarroabhi.eus\/?page_id=14821"},"modified":"2026-03-16T17:04:23","modified_gmt":"2026-03-16T16:04:23","slug":"orientacion","status":"publish","type":"page","link":"https:\/\/ondarroabhi.eus\/es\/orientacion\/","title":{"rendered":"Orientaci\u00f3n"},"content":{"rendered":"\t\t<div data-elementor-type=\"wp-page\" data-elementor-id=\"14821\" class=\"elementor elementor-14821\" data-elementor-post-type=\"page\">\n\t\t\t\t<div class=\"elementor-element elementor-element-0c90ecc e-flex e-con-boxed e-con e-parent\" data-id=\"0c90ecc\" data-element_type=\"container\" data-e-type=\"container\" data-settings=\"{&quot;background_background&quot;:&quot;classic&quot;,&quot;shape_divider_bottom&quot;:&quot;waves&quot;,&quot;shape_divider_bottom_negative&quot;:&quot;yes&quot;}\">\n\t\t\t\t\t<div class=\"e-con-inner\">\n\t\t\t\t<div class=\"elementor-shape elementor-shape-bottom\" aria-hidden=\"true\" data-negative=\"true\">\n\t\t\t<svg xmlns=\"http:\/\/www.w3.org\/2000\/svg\" viewBox=\"0 0 1000 100\" preserveAspectRatio=\"none\">\n\t<path class=\"elementor-shape-fill\" d=\"M790.5,93.1c-59.3-5.3-116.8-18-192.6-50c-29.6-12.7-76.9-31-100.5-35.9c-23.6-4.9-52.6-7.8-75.5-5.3\n\tc-10.2,1.1-22.6,1.4-50.1,7.4c-27.2,6.3-58.2,16.6-79.4,24.7c-41.3,15.9-94.9,21.9-134,22.6C72,58.2,0,25.8,0,25.8V100h1000V65.3\n\tc0,0-51.5,19.4-106.2,25.7C839.5,97,814.1,95.2,790.5,93.1z\"\/>\n<\/svg>\t\t<\/div>\n\t\t\t\t<div class=\"elementor-element elementor-element-914b7c1 elementor-widget-mobile__width-initial thim-ekits-heading-text-left elementor-widget__width-initial elementor-widget thim-ekits-heading elementor-widget-thim-heading\" data-id=\"914b7c1\" data-element_type=\"widget\" data-e-type=\"widget\" data-widget_type=\"thim-heading.default\">\n\t\t\t\t<div class=\"elementor-widget-container\">\n\t\t\t\t\t<div class=\"sc_heading text-left\"><h3 class=\"title\">ORIENTACI\u00d3N <\/h3><\/div>\t\t\t\t<\/div>\n\t\t\t\t<\/div>\n\t\t\t\t\t<\/div>\n\t\t\t\t<\/div>\n\t\t\t\t<section class=\"elementor-section elementor-top-section elementor-element elementor-element-5ce89a92 elementor-section-stretched elementor-section-boxed elementor-section-height-default elementor-section-height-default\" data-id=\"5ce89a92\" data-element_type=\"section\" data-e-type=\"section\" data-settings=\"{&quot;stretch_section&quot;:&quot;section-stretched&quot;,&quot;background_background&quot;:&quot;classic&quot;}\">\n\t\t\t\t\t\t\t<div class=\"elementor-background-overlay\"><\/div>\n\t\t\t\t\t\t\t<div class=\"elementor-container elementor-column-gap-no\">\n\t\t\t\t\t<div class=\"elementor-column elementor-col-100 elementor-top-column elementor-element elementor-element-5b3b3f95\" data-id=\"5b3b3f95\" data-element_type=\"column\" data-e-type=\"column\" data-settings=\"{&quot;background_background&quot;:&quot;classic&quot;}\">\n\t\t\t<div class=\"elementor-widget-wrap elementor-element-populated\">\n\t\t\t\t\t\t<section class=\"elementor-section elementor-inner-section elementor-element elementor-element-5e6f0b00 elementor-section-boxed elementor-section-height-default elementor-section-height-default\" data-id=\"5e6f0b00\" data-element_type=\"section\" data-e-type=\"section\" id=\"1ESO\">\n\t\t\t\t\t\t<div class=\"elementor-container elementor-column-gap-custom\">\n\t\t\t\t\t<div class=\"elementor-column elementor-col-100 elementor-inner-column elementor-element elementor-element-1f462aa8\" data-id=\"1f462aa8\" data-element_type=\"column\" data-e-type=\"column\">\n\t\t\t<div class=\"elementor-widget-wrap elementor-element-populated\">\n\t\t\t\t\t\t<div class=\"elementor-element elementor-element-2dc9778 thim-ekits-heading-text-center elementor-widget thim-ekits-heading elementor-widget-thim-heading\" data-id=\"2dc9778\" data-element_type=\"widget\" data-e-type=\"widget\" data-widget_type=\"thim-heading.default\">\n\t\t\t\t<div class=\"elementor-widget-container\">\n\t\t\t\t\t<div class=\"sc_heading text-center\"><h3 class=\"title\">ORIENTACI\u00d3N  <\/h3><\/div>\t\t\t\t<\/div>\n\t\t\t\t<\/div>\n\t\t\t\t<div class=\"elementor-element elementor-element-31423f2 elementor-position-top elementor-widget elementor-widget-image-box\" data-id=\"31423f2\" data-element_type=\"widget\" data-e-type=\"widget\" data-widget_type=\"image-box.default\">\n\t\t\t\t<div class=\"elementor-widget-container\">\n\t\t\t\t\t<div class=\"elementor-image-box-wrapper\"><figure class=\"elementor-image-box-img\"><img fetchpriority=\"high\" decoding=\"async\" width=\"502\" height=\"500\" src=\"https:\/\/ondarroabhi.eus\/wp-content\/uploads\/2025\/08\/orientacion.jpg\" class=\"attachment-full size-full wp-image-16125\" alt=\"\" srcset=\"https:\/\/ondarroabhi.eus\/wp-content\/uploads\/2025\/08\/orientacion.jpg 502w, https:\/\/ondarroabhi.eus\/wp-content\/uploads\/2025\/08\/orientacion-300x300.jpg 300w, https:\/\/ondarroabhi.eus\/wp-content\/uploads\/2025\/08\/orientacion-150x150.jpg 150w\" sizes=\"(max-width: 502px) 100vw, 502px\" \/><\/figure><\/div>\t\t\t\t<\/div>\n\t\t\t\t<\/div>\n\t\t\t\t<div class=\"elementor-element elementor-element-b663df5 elementor-widget elementor-widget-text-editor\" data-id=\"b663df5\" data-element_type=\"widget\" data-e-type=\"widget\" data-widget_type=\"text-editor.default\">\n\t\t\t\t<div class=\"elementor-widget-container\">\n\t\t\t\t\t\t\t\t\t<p>En nuestro instituto contamos con dos orientadores comprometidos en apoyar tanto a los\/las alumnos-as como a sus familias en todo lo que necesiten.<\/p><p>Kemen Lertxundi acompa\u00f1a a los\/las estudiantes durante toda la etapa de la ESO. Est\u00e1 disponible para escuchar y asesorar tanto a los alumnos como a sus familias, brind\u00e1ndoles el apoyo y la orientaci\u00f3n necesarios en cualquier situaci\u00f3n.<\/p><p>Por su parte, Unai Zubiaur se encarga de los\/las estudiantes de Bachillerato, Formaci\u00f3n Profesional y del Aula Estable. Su labor consiste en motivar a los\/las alumnos-as, fortalecer su seguridad y ayudarles a tomar decisiones informadas sobre su futuro acad\u00e9mico y profesional. Al igual que Kemen, Unai tambi\u00e9n ofrece apoyo y orientaci\u00f3n a todas las familias que lo requieran.<\/p><p>Ambos se esfuerzan para que cada uno-a de nuestros-as alumnos-as pueda desarrollarse, aprender y avanzar en su camino con confianza y tranquilidad.<\/p>\t\t\t\t\t\t\t\t<\/div>\n\t\t\t\t<\/div>\n\t\t\t\t\t<\/div>\n\t\t<\/div>\n\t\t\t\t\t<\/div>\n\t\t<\/section>\n\t\t\t\t<div class=\"elementor-element elementor-element-0699053 elementor-widget elementor-widget-text-editor\" data-id=\"0699053\" data-element_type=\"widget\" data-e-type=\"widget\" data-widget_type=\"text-editor.default\">\n\t\t\t\t<div class=\"elementor-widget-container\">\n\t\t\t\t\t\t\t\t\t<p><strong>CONTACTO<\/strong><\/p><p>Kemen Lertxundi: ESO\u00a0\u00a0<\/p><p>Email: <a href=\"mailto:kemenlertxundi@ondarroabhi.net\">kemenlertxundi@ondarroabhi.net<\/a><\/p><p>Unai Zubiaur: Bachillerato, Formaci\u00f3n Profesional y Aula Estable.\u00a0<\/p><p>Email: <a href=\"mailto:unaizubiaur@ondarroabhi.net\">unaizubiaur@ondarroabhi.net<\/a><\/p>\t\t\t\t\t\t\t\t<\/div>\n\t\t\t\t<\/div>\n\t\t\t\t\t<\/div>\n\t\t<\/div>\n\t\t\t\t\t<\/div>\n\t\t<\/section>\n\t\t\t\t<\/div>\n\t\t","protected":false},"excerpt":{"rendered":"<p>ORIENTACI\u00d3N ORIENTACI\u00d3N En nuestro instituto contamos con dos orientadores comprometidos en apoyar tanto a los\/las alumnos-as como a sus familias en todo lo que necesiten. Kemen Lertxundi acompa\u00f1a a los\/las estudiantes durante toda la etapa de la ESO. Est\u00e1 disponible &hellip; <\/p>\n","protected":false},"author":1,"featured_media":0,"parent":0,"menu_order":0,"comment_status":"closed","ping_status":"closed","template":"elementor_header_footer","meta":{"rs_blank_template":"","rs_page_bg_color":"","slide_template_v7":"","footnotes":""},"class_list":["post-14821","page","type-page","status-publish","hentry"],"yoast_head":"<!-- This site is optimized with the Yoast SEO plugin v27.4 - https:\/\/yoast.com\/product\/yoast-seo-wordpress\/ -->\n<title>Orientaci\u00f3n - Ondarroa BHI<\/title>\n<meta name=\"robots\" content=\"index, follow, max-snippet:-1, max-image-preview:large, max-video-preview:-1\" \/>\n<link rel=\"canonical\" href=\"https:\/\/ondarroabhi.eus\/orientazioa\/\" \/>\n<meta property=\"og:locale\" content=\"es_ES\" \/>\n<meta property=\"og:type\" content=\"article\" \/>\n<meta property=\"og:title\" content=\"Orientaci\u00f3n - Ondarroa BHI\" \/>\n<meta property=\"og:description\" content=\"ORIENTACI\u00d3N ORIENTACI\u00d3N En nuestro instituto contamos con dos orientadores comprometidos en apoyar tanto a los\/las alumnos-as como a sus familias en todo lo que necesiten. Kemen Lertxundi acompa\u00f1a a los\/las estudiantes durante toda la etapa de la ESO. Est\u00e1 disponible &hellip;\" \/>\n<meta property=\"og:url\" content=\"https:\/\/ondarroabhi.eus\/orientazioa\/\" \/>\n<meta property=\"og:site_name\" content=\"Ondarroa BHI\" \/>\n<meta property=\"article:publisher\" content=\"https:\/\/www.facebook.com\/profile.php?id=100063070399009\" \/>\n<meta property=\"article:modified_time\" content=\"2026-03-16T16:04:23+00:00\" \/>\n<meta property=\"og:image\" content=\"https:\/\/ondarroabhi.eus\/wp-content\/uploads\/2025\/08\/orientacion.jpg\" \/>\n\t<meta property=\"og:image:width\" content=\"502\" \/>\n\t<meta property=\"og:image:height\" content=\"500\" \/>\n\t<meta property=\"og:image:type\" content=\"image\/jpeg\" \/>\n<meta name=\"twitter:card\" content=\"summary_large_image\" \/>\n<meta name=\"twitter:label1\" content=\"Tiempo de lectura\" \/>\n\t<meta name=\"twitter:data1\" content=\"1 minuto\" \/>\n<script type=\"application\/ld+json\" class=\"yoast-schema-graph\">{\"@context\":\"https:\\\/\\\/schema.org\",\"@graph\":[{\"@type\":\"WebPage\",\"@id\":\"https:\\\/\\\/ondarroabhi.eus\\\/orientazioa\\\/\",\"url\":\"https:\\\/\\\/ondarroabhi.eus\\\/orientazioa\\\/\",\"name\":\"Orientaci\u00f3n - Ondarroa BHI\",\"isPartOf\":{\"@id\":\"https:\\\/\\\/ondarroabhi.eus\\\/#website\"},\"primaryImageOfPage\":{\"@id\":\"https:\\\/\\\/ondarroabhi.eus\\\/orientazioa\\\/#primaryimage\"},\"image\":{\"@id\":\"https:\\\/\\\/ondarroabhi.eus\\\/orientazioa\\\/#primaryimage\"},\"thumbnailUrl\":\"https:\\\/\\\/ondarroabhi.eus\\\/wp-content\\\/uploads\\\/2025\\\/08\\\/orientacion.jpg\",\"datePublished\":\"2025-07-16T10:04:30+00:00\",\"dateModified\":\"2026-03-16T16:04:23+00:00\",\"breadcrumb\":{\"@id\":\"https:\\\/\\\/ondarroabhi.eus\\\/orientazioa\\\/#breadcrumb\"},\"inLanguage\":\"es\",\"potentialAction\":[{\"@type\":\"ReadAction\",\"target\":[\"https:\\\/\\\/ondarroabhi.eus\\\/orientazioa\\\/\"]}]},{\"@type\":\"ImageObject\",\"inLanguage\":\"es\",\"@id\":\"https:\\\/\\\/ondarroabhi.eus\\\/orientazioa\\\/#primaryimage\",\"url\":\"https:\\\/\\\/ondarroabhi.eus\\\/wp-content\\\/uploads\\\/2025\\\/08\\\/orientacion.jpg\",\"contentUrl\":\"https:\\\/\\\/ondarroabhi.eus\\\/wp-content\\\/uploads\\\/2025\\\/08\\\/orientacion.jpg\"},{\"@type\":\"BreadcrumbList\",\"@id\":\"https:\\\/\\\/ondarroabhi.eus\\\/orientazioa\\\/#breadcrumb\",\"itemListElement\":[{\"@type\":\"ListItem\",\"position\":1,\"name\":\"Home\",\"item\":\"https:\\\/\\\/ondarroabhi.eus\\\/\"},{\"@type\":\"ListItem\",\"position\":2,\"name\":\"Orientaci\u00f3n\"}]},{\"@type\":\"WebSite\",\"@id\":\"https:\\\/\\\/ondarroabhi.eus\\\/#website\",\"url\":\"https:\\\/\\\/ondarroabhi.eus\\\/\",\"name\":\"Ondarroa BHI\",\"description\":\"Ondarroa Bigarren Hezkuntzako Institutua\",\"publisher\":{\"@id\":\"https:\\\/\\\/ondarroabhi.eus\\\/#organization\"},\"alternateName\":\"Ondarroa Bigarren Hezkuntzako Institutua\",\"potentialAction\":[{\"@type\":\"SearchAction\",\"target\":{\"@type\":\"EntryPoint\",\"urlTemplate\":\"https:\\\/\\\/ondarroabhi.eus\\\/?s={search_term_string}\"},\"query-input\":{\"@type\":\"PropertyValueSpecification\",\"valueRequired\":true,\"valueName\":\"search_term_string\"}}],\"inLanguage\":\"es\"},{\"@type\":\"Organization\",\"@id\":\"https:\\\/\\\/ondarroabhi.eus\\\/#organization\",\"name\":\"Ondarroa BHI\",\"alternateName\":\"Ondarroa Bigarren Hezkuntzako Institutua\",\"url\":\"https:\\\/\\\/ondarroabhi.eus\\\/\",\"logo\":{\"@type\":\"ImageObject\",\"inLanguage\":\"es\",\"@id\":\"https:\\\/\\\/ondarroabhi.eus\\\/#\\\/schema\\\/logo\\\/image\\\/\",\"url\":\"https:\\\/\\\/ondarroabhi.eus\\\/wp-content\\\/uploads\\\/2019\\\/02\\\/MARCA-ONDARROA-BHI6.png\",\"contentUrl\":\"https:\\\/\\\/ondarroabhi.eus\\\/wp-content\\\/uploads\\\/2019\\\/02\\\/MARCA-ONDARROA-BHI6.png\",\"width\":1654,\"height\":945,\"caption\":\"Ondarroa BHI\"},\"image\":{\"@id\":\"https:\\\/\\\/ondarroabhi.eus\\\/#\\\/schema\\\/logo\\\/image\\\/\"},\"sameAs\":[\"https:\\\/\\\/www.facebook.com\\\/profile.php?id=100063070399009\",\"https:\\\/\\\/www.instagram.com\\\/ondarroabhi\\\/?hl=es\"]}]}<\/script>\n<!-- \/ Yoast SEO plugin. -->","yoast_head_json":{"title":"Orientaci\u00f3n - Ondarroa BHI","robots":{"index":"index","follow":"follow","max-snippet":"max-snippet:-1","max-image-preview":"max-image-preview:large","max-video-preview":"max-video-preview:-1"},"canonical":"https:\/\/ondarroabhi.eus\/orientazioa\/","og_locale":"es_ES","og_type":"article","og_title":"Orientaci\u00f3n - Ondarroa BHI","og_description":"ORIENTACI\u00d3N ORIENTACI\u00d3N En nuestro instituto contamos con dos orientadores comprometidos en apoyar tanto a los\/las alumnos-as como a sus familias en todo lo que necesiten. Kemen Lertxundi acompa\u00f1a a los\/las estudiantes durante toda la etapa de la ESO. Est\u00e1 disponible &hellip;","og_url":"https:\/\/ondarroabhi.eus\/orientazioa\/","og_site_name":"Ondarroa BHI","article_publisher":"https:\/\/www.facebook.com\/profile.php?id=100063070399009","article_modified_time":"2026-03-16T16:04:23+00:00","og_image":[{"width":502,"height":500,"url":"https:\/\/ondarroabhi.eus\/wp-content\/uploads\/2025\/08\/orientacion.jpg","type":"image\/jpeg"}],"twitter_card":"summary_large_image","twitter_misc":{"Tiempo de lectura":"1 minuto"},"schema":{"@context":"https:\/\/schema.org","@graph":[{"@type":"WebPage","@id":"https:\/\/ondarroabhi.eus\/orientazioa\/","url":"https:\/\/ondarroabhi.eus\/orientazioa\/","name":"Orientaci\u00f3n - Ondarroa BHI","isPartOf":{"@id":"https:\/\/ondarroabhi.eus\/#website"},"primaryImageOfPage":{"@id":"https:\/\/ondarroabhi.eus\/orientazioa\/#primaryimage"},"image":{"@id":"https:\/\/ondarroabhi.eus\/orientazioa\/#primaryimage"},"thumbnailUrl":"https:\/\/ondarroabhi.eus\/wp-content\/uploads\/2025\/08\/orientacion.jpg","datePublished":"2025-07-16T10:04:30+00:00","dateModified":"2026-03-16T16:04:23+00:00","breadcrumb":{"@id":"https:\/\/ondarroabhi.eus\/orientazioa\/#breadcrumb"},"inLanguage":"es","potentialAction":[{"@type":"ReadAction","target":["https:\/\/ondarroabhi.eus\/orientazioa\/"]}]},{"@type":"ImageObject","inLanguage":"es","@id":"https:\/\/ondarroabhi.eus\/orientazioa\/#primaryimage","url":"https:\/\/ondarroabhi.eus\/wp-content\/uploads\/2025\/08\/orientacion.jpg","contentUrl":"https:\/\/ondarroabhi.eus\/wp-content\/uploads\/2025\/08\/orientacion.jpg"},{"@type":"BreadcrumbList","@id":"https:\/\/ondarroabhi.eus\/orientazioa\/#breadcrumb","itemListElement":[{"@type":"ListItem","position":1,"name":"Home","item":"https:\/\/ondarroabhi.eus\/"},{"@type":"ListItem","position":2,"name":"Orientaci\u00f3n"}]},{"@type":"WebSite","@id":"https:\/\/ondarroabhi.eus\/#website","url":"https:\/\/ondarroabhi.eus\/","name":"Ondarroa BHI","description":"Ondarroa Bigarren Hezkuntzako Institutua","publisher":{"@id":"https:\/\/ondarroabhi.eus\/#organization"},"alternateName":"Ondarroa Bigarren Hezkuntzako Institutua","potentialAction":[{"@type":"SearchAction","target":{"@type":"EntryPoint","urlTemplate":"https:\/\/ondarroabhi.eus\/?s={search_term_string}"},"query-input":{"@type":"PropertyValueSpecification","valueRequired":true,"valueName":"search_term_string"}}],"inLanguage":"es"},{"@type":"Organization","@id":"https:\/\/ondarroabhi.eus\/#organization","name":"Ondarroa BHI","alternateName":"Ondarroa Bigarren Hezkuntzako Institutua","url":"https:\/\/ondarroabhi.eus\/","logo":{"@type":"ImageObject","inLanguage":"es","@id":"https:\/\/ondarroabhi.eus\/#\/schema\/logo\/image\/","url":"https:\/\/ondarroabhi.eus\/wp-content\/uploads\/2019\/02\/MARCA-ONDARROA-BHI6.png","contentUrl":"https:\/\/ondarroabhi.eus\/wp-content\/uploads\/2019\/02\/MARCA-ONDARROA-BHI6.png","width":1654,"height":945,"caption":"Ondarroa BHI"},"image":{"@id":"https:\/\/ondarroabhi.eus\/#\/schema\/logo\/image\/"},"sameAs":["https:\/\/www.facebook.com\/profile.php?id=100063070399009","https:\/\/www.instagram.com\/ondarroabhi\/?hl=es"]}]}},"_links":{"self":[{"href":"https:\/\/ondarroabhi.eus\/es\/wp-json\/wp\/v2\/pages\/14821","targetHints":{"allow":["GET"]}}],"collection":[{"href":"https:\/\/ondarroabhi.eus\/es\/wp-json\/wp\/v2\/pages"}],"about":[{"href":"https:\/\/ondarroabhi.eus\/es\/wp-json\/wp\/v2\/types\/page"}],"author":[{"embeddable":true,"href":"https:\/\/ondarroabhi.eus\/es\/wp-json\/wp\/v2\/users\/1"}],"replies":[{"embeddable":true,"href":"https:\/\/ondarroabhi.eus\/es\/wp-json\/wp\/v2\/comments?post=14821"}],"version-history":[{"count":0,"href":"https:\/\/ondarroabhi.eus\/es\/wp-json\/wp\/v2\/pages\/14821\/revisions"}],"wp:attachment":[{"href":"https:\/\/ondarroabhi.eus\/es\/wp-json\/wp\/v2\/media?parent=14821"}],"curies":[{"name":"wp","href":"https:\/\/api.w.org\/{rel}","templated":true}]}}